{"id":5880,"date":"2018-10-17T09:59:15","date_gmt":"2018-10-17T12:59:15","guid":{"rendered":"https:\/\/prevconsulting.com\/site\/?page_id=5880"},"modified":"2018-10-30T13:26:03","modified_gmt":"2018-10-30T16:26:03","slug":"descubra-o-seu-perfil-de-investidor","status":"publish","type":"page","link":"https:\/\/prevconsulting.com\/site\/descubra-o-seu-perfil-de-investidor\/","title":{"rendered":"Descubra o seu perfil de investidor"},"content":{"rendered":"<div class=\"carbon-field carbon-html\">\n<div class=\"field-holder\">\n<div style=\"text-align: center;\"><code>[wpViralQuiz id=5879]<\/code><\/div>\n<\/div>\n<\/div>\n<div class=\"carbon-field carbon-html\">\n<div class=\"field-holder\">\n<div><\/div>\n<\/div>\n<\/div>\n","protected":false},"excerpt":{"rendered":"<p>[wpViralQuiz id=5879]<\/p>\n","protected":false},"author":1,"featured_media":0,"parent":0,"menu_order":0,"comment_status":"closed","ping_status":"closed","template":"","meta":{"footnotes":""},"class_list":["post-5880","page","type-page","status-publish","hentry"],"yoast_head":"<!-- This site is optimized with the Yoast SEO plugin v27.5 - https:\/\/yoast.com\/product\/yoast-seo-wordpress\/ -->\n<title>Descubra o seu perfil de investidor - PrevConsulting<\/title>\n<meta name=\"description\" content=\"Qual \u00e9 o seu perfil de investidor? Fa\u00e7a do Quiz da Prevconsulting e descubra! S\u00e3o apenas 8 perguntas. Clique e participe agora mesmo!\" \/>\n<meta name=\"robots\" content=\"index, follow, max-snippet:-1, max-image-preview:large, max-video-preview:-1\" \/>\n<link rel=\"canonical\" href=\"https:\/\/prevconsulting.com\/site\/descubra-o-seu-perfil-de-investidor\/\" \/>\n<meta property=\"og:locale\" content=\"pt_BR\" \/>\n<meta property=\"og:type\" content=\"article\" \/>\n<meta property=\"og:title\" content=\"Qual \u00e9 o seu perfil de investidor?\" \/>\n<meta property=\"og:description\" content=\"Fa\u00e7a do Quiz da PrevConsulting e descubra! S\u00e3o apenas 8 perguntas. Clique e participe agora mesmo!\" \/>\n<meta property=\"og:url\" content=\"https:\/\/prevconsulting.com\/site\/descubra-o-seu-perfil-de-investidor\/\" \/>\n<meta property=\"og:site_name\" content=\"PrevConsulting\" \/>\n<meta property=\"article:publisher\" content=\"https:\/\/www.facebook.com\/prevconsulting\" \/>\n<meta property=\"article:modified_time\" content=\"2018-10-30T16:26:03+00:00\" \/>\n<meta property=\"og:image\" content=\"https:\/\/prevconsulting.com\/site\/wp-content\/uploads\/2018\/10\/compartilhamento-quiz-perfil-investidor.png\" \/>\n\t<meta property=\"og:image:width\" content=\"1200\" \/>\n\t<meta property=\"og:image:height\" content=\"628\" \/>\n\t<meta property=\"og:image:type\" content=\"image\/png\" \/>\n<meta name=\"twitter:card\" content=\"summary_large_image\" \/>\n<meta name=\"twitter:title\" content=\"Qual \u00e9 o seu perfil de investidor?\" \/>\n<meta name=\"twitter:description\" content=\"Fa\u00e7a do Quiz da PrevConsulting e descubra! S\u00e3o apenas 8 perguntas. Clique e participe agora mesmo!\" \/>\n<meta name=\"twitter:image\" content=\"https:\/\/prevconsulting.com\/site\/wp-content\/uploads\/2018\/10\/compartilhamento-quiz-perfil-investidor.png\" \/>\n<script type=\"application\/ld+json\" class=\"yoast-schema-graph\">{\"@context\":\"https:\\\/\\\/schema.org\",\"@graph\":[{\"@type\":\"WebPage\",\"@id\":\"https:\\\/\\\/prevconsulting.com\\\/site\\\/descubra-o-seu-perfil-de-investidor\\\/\",\"url\":\"https:\\\/\\\/prevconsulting.com\\\/site\\\/descubra-o-seu-perfil-de-investidor\\\/\",\"name\":\"Descubra o seu perfil de investidor - PrevConsulting\",\"isPartOf\":{\"@id\":\"https:\\\/\\\/prevconsulting.com\\\/site\\\/#website\"},\"datePublished\":\"2018-10-17T12:59:15+00:00\",\"dateModified\":\"2018-10-30T16:26:03+00:00\",\"description\":\"Qual \u00e9 o seu perfil de investidor? Fa\u00e7a do Quiz da Prevconsulting e descubra! S\u00e3o apenas 8 perguntas. Clique e participe agora mesmo!\",\"breadcrumb\":{\"@id\":\"https:\\\/\\\/prevconsulting.com\\\/site\\\/descubra-o-seu-perfil-de-investidor\\\/#breadcrumb\"},\"inLanguage\":\"pt-BR\",\"potentialAction\":[{\"@type\":\"ReadAction\",\"target\":[\"https:\\\/\\\/prevconsulting.com\\\/site\\\/descubra-o-seu-perfil-de-investidor\\\/\"]}]},{\"@type\":\"BreadcrumbList\",\"@id\":\"https:\\\/\\\/prevconsulting.com\\\/site\\\/descubra-o-seu-perfil-de-investidor\\\/#breadcrumb\",\"itemListElement\":[{\"@type\":\"ListItem\",\"position\":1,\"name\":\"In\u00edcio\",\"item\":\"https:\\\/\\\/prevconsulting.com\\\/site\\\/\"},{\"@type\":\"ListItem\",\"position\":2,\"name\":\"Descubra o seu perfil de investidor\"}]},{\"@type\":\"WebSite\",\"@id\":\"https:\\\/\\\/prevconsulting.com\\\/site\\\/#website\",\"url\":\"https:\\\/\\\/prevconsulting.com\\\/site\\\/\",\"name\":\"PrevConsulting\",\"description\":\"Consultoria Patrimonial\",\"publisher\":{\"@id\":\"https:\\\/\\\/prevconsulting.com\\\/site\\\/#organization\"},\"potentialAction\":[{\"@type\":\"SearchAction\",\"target\":{\"@type\":\"EntryPoint\",\"urlTemplate\":\"https:\\\/\\\/prevconsulting.com\\\/site\\\/?s={search_term_string}\"},\"query-input\":{\"@type\":\"PropertyValueSpecification\",\"valueRequired\":true,\"valueName\":\"search_term_string\"}}],\"inLanguage\":\"pt-BR\"},{\"@type\":\"Organization\",\"@id\":\"https:\\\/\\\/prevconsulting.com\\\/site\\\/#organization\",\"name\":\"PrevConsulting\",\"url\":\"https:\\\/\\\/prevconsulting.com\\\/site\\\/\",\"logo\":{\"@type\":\"ImageObject\",\"inLanguage\":\"pt-BR\",\"@id\":\"https:\\\/\\\/prevconsulting.com\\\/site\\\/#\\\/schema\\\/logo\\\/image\\\/\",\"url\":\"https:\\\/\\\/prevconsulting.com\\\/site\\\/wp-content\\\/uploads\\\/2024\\\/07\\\/favicon-prev.png\",\"contentUrl\":\"https:\\\/\\\/prevconsulting.com\\\/site\\\/wp-content\\\/uploads\\\/2024\\\/07\\\/favicon-prev.png\",\"width\":600,\"height\":600,\"caption\":\"PrevConsulting\"},\"image\":{\"@id\":\"https:\\\/\\\/prevconsulting.com\\\/site\\\/#\\\/schema\\\/logo\\\/image\\\/\"},\"sameAs\":[\"https:\\\/\\\/www.facebook.com\\\/prevconsulting\",\"https:\\\/\\\/www.instagram.com\\\/prevconsulting\\\/\",\"https:\\\/\\\/www.linkedin.com\\\/company\\\/prevconsulting\\\/\"]}]}<\/script>\n<!-- \/ Yoast SEO plugin. -->","yoast_head_json":{"title":"Descubra o seu perfil de investidor - PrevConsulting","description":"Qual \u00e9 o seu perfil de investidor? Fa\u00e7a do Quiz da Prevconsulting e descubra! S\u00e3o apenas 8 perguntas. Clique e participe agora mesmo!","robots":{"index":"index","follow":"follow","max-snippet":"max-snippet:-1","max-image-preview":"max-image-preview:large","max-video-preview":"max-video-preview:-1"},"canonical":"https:\/\/prevconsulting.com\/site\/descubra-o-seu-perfil-de-investidor\/","og_locale":"pt_BR","og_type":"article","og_title":"Qual \u00e9 o seu perfil de investidor?","og_description":"Fa\u00e7a do Quiz da PrevConsulting e descubra! S\u00e3o apenas 8 perguntas. Clique e participe agora mesmo!","og_url":"https:\/\/prevconsulting.com\/site\/descubra-o-seu-perfil-de-investidor\/","og_site_name":"PrevConsulting","article_publisher":"https:\/\/www.facebook.com\/prevconsulting","article_modified_time":"2018-10-30T16:26:03+00:00","og_image":[{"width":1200,"height":628,"url":"https:\/\/prevconsulting.com\/site\/wp-content\/uploads\/2018\/10\/compartilhamento-quiz-perfil-investidor.png","type":"image\/png"}],"twitter_card":"summary_large_image","twitter_title":"Qual \u00e9 o seu perfil de investidor?","twitter_description":"Fa\u00e7a do Quiz da PrevConsulting e descubra! S\u00e3o apenas 8 perguntas. Clique e participe agora mesmo!","twitter_image":"https:\/\/prevconsulting.com\/site\/wp-content\/uploads\/2018\/10\/compartilhamento-quiz-perfil-investidor.png","schema":{"@context":"https:\/\/schema.org","@graph":[{"@type":"WebPage","@id":"https:\/\/prevconsulting.com\/site\/descubra-o-seu-perfil-de-investidor\/","url":"https:\/\/prevconsulting.com\/site\/descubra-o-seu-perfil-de-investidor\/","name":"Descubra o seu perfil de investidor - PrevConsulting","isPartOf":{"@id":"https:\/\/prevconsulting.com\/site\/#website"},"datePublished":"2018-10-17T12:59:15+00:00","dateModified":"2018-10-30T16:26:03+00:00","description":"Qual \u00e9 o seu perfil de investidor? Fa\u00e7a do Quiz da Prevconsulting e descubra! S\u00e3o apenas 8 perguntas. Clique e participe agora mesmo!","breadcrumb":{"@id":"https:\/\/prevconsulting.com\/site\/descubra-o-seu-perfil-de-investidor\/#breadcrumb"},"inLanguage":"pt-BR","potentialAction":[{"@type":"ReadAction","target":["https:\/\/prevconsulting.com\/site\/descubra-o-seu-perfil-de-investidor\/"]}]},{"@type":"BreadcrumbList","@id":"https:\/\/prevconsulting.com\/site\/descubra-o-seu-perfil-de-investidor\/#breadcrumb","itemListElement":[{"@type":"ListItem","position":1,"name":"In\u00edcio","item":"https:\/\/prevconsulting.com\/site\/"},{"@type":"ListItem","position":2,"name":"Descubra o seu perfil de investidor"}]},{"@type":"WebSite","@id":"https:\/\/prevconsulting.com\/site\/#website","url":"https:\/\/prevconsulting.com\/site\/","name":"PrevConsulting","description":"Consultoria Patrimonial","publisher":{"@id":"https:\/\/prevconsulting.com\/site\/#organization"},"potentialAction":[{"@type":"SearchAction","target":{"@type":"EntryPoint","urlTemplate":"https:\/\/prevconsulting.com\/site\/?s={search_term_string}"},"query-input":{"@type":"PropertyValueSpecification","valueRequired":true,"valueName":"search_term_string"}}],"inLanguage":"pt-BR"},{"@type":"Organization","@id":"https:\/\/prevconsulting.com\/site\/#organization","name":"PrevConsulting","url":"https:\/\/prevconsulting.com\/site\/","logo":{"@type":"ImageObject","inLanguage":"pt-BR","@id":"https:\/\/prevconsulting.com\/site\/#\/schema\/logo\/image\/","url":"https:\/\/prevconsulting.com\/site\/wp-content\/uploads\/2024\/07\/favicon-prev.png","contentUrl":"https:\/\/prevconsulting.com\/site\/wp-content\/uploads\/2024\/07\/favicon-prev.png","width":600,"height":600,"caption":"PrevConsulting"},"image":{"@id":"https:\/\/prevconsulting.com\/site\/#\/schema\/logo\/image\/"},"sameAs":["https:\/\/www.facebook.com\/prevconsulting","https:\/\/www.instagram.com\/prevconsulting\/","https:\/\/www.linkedin.com\/company\/prevconsulting\/"]}]}},"_links":{"self":[{"href":"https:\/\/prevconsulting.com\/site\/wp-json\/wp\/v2\/pages\/5880","targetHints":{"allow":["GET"]}}],"collection":[{"href":"https:\/\/prevconsulting.com\/site\/wp-json\/wp\/v2\/pages"}],"about":[{"href":"https:\/\/prevconsulting.com\/site\/wp-json\/wp\/v2\/types\/page"}],"author":[{"embeddable":true,"href":"https:\/\/prevconsulting.com\/site\/wp-json\/wp\/v2\/users\/1"}],"replies":[{"embeddable":true,"href":"https:\/\/prevconsulting.com\/site\/wp-json\/wp\/v2\/comments?post=5880"}],"version-history":[{"count":4,"href":"https:\/\/prevconsulting.com\/site\/wp-json\/wp\/v2\/pages\/5880\/revisions"}],"predecessor-version":[{"id":5970,"href":"https:\/\/prevconsulting.com\/site\/wp-json\/wp\/v2\/pages\/5880\/revisions\/5970"}],"wp:attachment":[{"href":"https:\/\/prevconsulting.com\/site\/wp-json\/wp\/v2\/media?parent=5880"}],"curies":[{"name":"wp","href":"https:\/\/api.w.org\/{rel}","templated":true}]}}